{"id":4820,"date":"2022-07-05T11:55:20","date_gmt":"2022-07-05T09:55:20","guid":{"rendered":"https:\/\/floriangodler.hr\/wellness\/"},"modified":"2022-07-14T10:42:52","modified_gmt":"2022-07-14T08:42:52","slug":"wellness","status":"publish","type":"page","link":"https:\/\/floriangodler.hr\/de\/wellness\/","title":{"rendered":"Wellness"},"content":{"rendered":"\n<p>Im Florian &amp; Godler Boutique Hotel in Karlovac neben sch\u00f6ne Zimmer, ein entz\u00fcckendes Restaurant und eine Aperitifbar finden Sie auch ein Wellnesscenter. Wenn Sie auf der Suche nach einer Ganzk\u00f6rpermassage sind und sich vollkommen entspannen m\u00f6chten, besuchen Sie unser Hotel.<\/p>\n\n\n\n<p>In Karlovac gibt es jetzt auch eine Sauna in zwei Grundformen \u2013 T\u00fcrkisch und Finnisch. Beide eignen sich hervorragend zum Entspannen nach einem anstrengenden Arbeitstag.<\/p>\n","protected":false},"excerpt":{"rendered":"<p>Im Florian &amp; Godler Boutique Hotel in Karlovac neben sch\u00f6ne Zimmer, ein entz\u00fcckendes Restaurant und eine Aperitifbar finden Sie auch ein Wellnesscenter. Wenn Sie auf der<span class=\"excerpt-hellip\"> [\u2026]<\/span><\/p>\n","protected":false},"author":1,"featured_media":0,"parent":0,"menu_order":0,"comment_status":"closed","ping_status":"closed","template":"","meta":{"footnotes":""},"class_list":["post-4820","page","type-page","status-publish","hentry"],"yoast_head":"<!-- This site is optimized with the Yoast SEO plugin v19.3 - https:\/\/yoast.com\/wordpress\/plugins\/seo\/ -->\n<title>Wellness | Hotel Florian &amp; Godler<\/title>\n<meta name=\"robots\" content=\"index, follow, max-snippet:-1, max-image-preview:large, max-video-preview:-1\" \/>\n<link rel=\"canonical\" href=\"https:\/\/floriangodler.hr\/de\/wellness\/\" \/>\n<meta property=\"og:locale\" content=\"de_DE\" \/>\n<meta property=\"og:type\" content=\"article\" \/>\n<meta property=\"og:title\" content=\"Wellness | Hotel Florian &amp; Godler\" \/>\n<meta property=\"og:description\" content=\"Im Florian &amp; Godler Boutique Hotel in Karlovac neben sch\u00f6ne Zimmer, ein entz\u00fcckendes Restaurant und eine Aperitifbar finden Sie auch ein Wellnesscenter. Wenn Sie auf der [\u2026]\" \/>\n<meta property=\"og:url\" content=\"https:\/\/floriangodler.hr\/de\/wellness\/\" \/>\n<meta property=\"og:site_name\" content=\"Hotel Florian &amp; Godler\" \/>\n<meta property=\"article:publisher\" content=\"https:\/\/www.facebook.com\/floriangodler\/\" \/>\n<meta property=\"article:modified_time\" content=\"2022-07-14T08:42:52+00:00\" \/>\n<meta name=\"twitter:card\" content=\"summary_large_image\" \/>\n<meta name=\"twitter:label1\" content=\"Gesch\u00e4tzte Lesezeit\" \/>\n\t<meta name=\"twitter:data1\" content=\"1\u00a0Minute\" \/>\n<script type=\"application\/ld+json\" class=\"yoast-schema-graph\">{\"@context\":\"https:\/\/schema.org\",\"@graph\":[{\"@type\":\"Organization\",\"@id\":\"https:\/\/floriangodler.hr\/#organization\",\"name\":\"Hotel Florian & Godler\",\"url\":\"https:\/\/floriangodler.hr\/\",\"sameAs\":[\"https:\/\/www.facebook.com\/floriangodler\/\"],\"logo\":{\"@type\":\"ImageObject\",\"inLanguage\":\"de\",\"@id\":\"https:\/\/floriangodler.hr\/#\/schema\/logo\/image\/\",\"url\":\"https:\/\/floriangodler.hr\/wp-content\/uploads\/2022\/07\/logo-florian-trim-jpg-220x300-1.jpg\",\"contentUrl\":\"https:\/\/floriangodler.hr\/wp-content\/uploads\/2022\/07\/logo-florian-trim-jpg-220x300-1.jpg\",\"width\":220,\"height\":300,\"caption\":\"Hotel Florian & Godler\"},\"image\":{\"@id\":\"https:\/\/floriangodler.hr\/#\/schema\/logo\/image\/\"}},{\"@type\":\"WebSite\",\"@id\":\"https:\/\/floriangodler.hr\/#website\",\"url\":\"https:\/\/floriangodler.hr\/\",\"name\":\"Hotel Florian &amp; Godler\",\"description\":\"Najbolji hotel u Karlovcu\",\"publisher\":{\"@id\":\"https:\/\/floriangodler.hr\/#organization\"},\"potentialAction\":[{\"@type\":\"SearchAction\",\"target\":{\"@type\":\"EntryPoint\",\"urlTemplate\":\"https:\/\/floriangodler.hr\/?s={search_term_string}\"},\"query-input\":\"required name=search_term_string\"}],\"inLanguage\":\"de\"},{\"@type\":\"WebPage\",\"@id\":\"https:\/\/floriangodler.hr\/de\/wellness\/\",\"url\":\"https:\/\/floriangodler.hr\/de\/wellness\/\",\"name\":\"Wellness | Hotel Florian &amp; Godler\",\"isPartOf\":{\"@id\":\"https:\/\/floriangodler.hr\/#website\"},\"datePublished\":\"2022-07-05T09:55:20+00:00\",\"dateModified\":\"2022-07-14T08:42:52+00:00\",\"breadcrumb\":{\"@id\":\"https:\/\/floriangodler.hr\/de\/wellness\/#breadcrumb\"},\"inLanguage\":\"de\",\"potentialAction\":[{\"@type\":\"ReadAction\",\"target\":[\"https:\/\/floriangodler.hr\/de\/wellness\/\"]}]},{\"@type\":\"BreadcrumbList\",\"@id\":\"https:\/\/floriangodler.hr\/de\/wellness\/#breadcrumb\",\"itemListElement\":[{\"@type\":\"ListItem\",\"position\":1,\"name\":\"Po\u010detna stranica\",\"item\":\"https:\/\/floriangodler.hr\/\"},{\"@type\":\"ListItem\",\"position\":2,\"name\":\"Wellness\"}]}]}<\/script>\n<!-- \/ Yoast SEO plugin. -->","yoast_head_json":{"title":"Wellness | Hotel Florian &amp; Godler","robots":{"index":"index","follow":"follow","max-snippet":"max-snippet:-1","max-image-preview":"max-image-preview:large","max-video-preview":"max-video-preview:-1"},"canonical":"https:\/\/floriangodler.hr\/de\/wellness\/","og_locale":"de_DE","og_type":"article","og_title":"Wellness | Hotel Florian &amp; Godler","og_description":"Im Florian &amp; Godler Boutique Hotel in Karlovac neben sch\u00f6ne Zimmer, ein entz\u00fcckendes Restaurant und eine Aperitifbar finden Sie auch ein Wellnesscenter. Wenn Sie auf der [\u2026]","og_url":"https:\/\/floriangodler.hr\/de\/wellness\/","og_site_name":"Hotel Florian &amp; Godler","article_publisher":"https:\/\/www.facebook.com\/floriangodler\/","article_modified_time":"2022-07-14T08:42:52+00:00","twitter_card":"summary_large_image","twitter_misc":{"Gesch\u00e4tzte Lesezeit":"1\u00a0Minute"},"schema":{"@context":"https:\/\/schema.org","@graph":[{"@type":"Organization","@id":"https:\/\/floriangodler.hr\/#organization","name":"Hotel Florian & Godler","url":"https:\/\/floriangodler.hr\/","sameAs":["https:\/\/www.facebook.com\/floriangodler\/"],"logo":{"@type":"ImageObject","inLanguage":"de","@id":"https:\/\/floriangodler.hr\/#\/schema\/logo\/image\/","url":"https:\/\/floriangodler.hr\/wp-content\/uploads\/2022\/07\/logo-florian-trim-jpg-220x300-1.jpg","contentUrl":"https:\/\/floriangodler.hr\/wp-content\/uploads\/2022\/07\/logo-florian-trim-jpg-220x300-1.jpg","width":220,"height":300,"caption":"Hotel Florian & Godler"},"image":{"@id":"https:\/\/floriangodler.hr\/#\/schema\/logo\/image\/"}},{"@type":"WebSite","@id":"https:\/\/floriangodler.hr\/#website","url":"https:\/\/floriangodler.hr\/","name":"Hotel Florian &amp; Godler","description":"Najbolji hotel u Karlovcu","publisher":{"@id":"https:\/\/floriangodler.hr\/#organization"},"potentialAction":[{"@type":"SearchAction","target":{"@type":"EntryPoint","urlTemplate":"https:\/\/floriangodler.hr\/?s={search_term_string}"},"query-input":"required name=search_term_string"}],"inLanguage":"de"},{"@type":"WebPage","@id":"https:\/\/floriangodler.hr\/de\/wellness\/","url":"https:\/\/floriangodler.hr\/de\/wellness\/","name":"Wellness | Hotel Florian &amp; Godler","isPartOf":{"@id":"https:\/\/floriangodler.hr\/#website"},"datePublished":"2022-07-05T09:55:20+00:00","dateModified":"2022-07-14T08:42:52+00:00","breadcrumb":{"@id":"https:\/\/floriangodler.hr\/de\/wellness\/#breadcrumb"},"inLanguage":"de","potentialAction":[{"@type":"ReadAction","target":["https:\/\/floriangodler.hr\/de\/wellness\/"]}]},{"@type":"BreadcrumbList","@id":"https:\/\/floriangodler.hr\/de\/wellness\/#breadcrumb","itemListElement":[{"@type":"ListItem","position":1,"name":"Po\u010detna stranica","item":"https:\/\/floriangodler.hr\/"},{"@type":"ListItem","position":2,"name":"Wellness"}]}]}},"_links":{"self":[{"href":"https:\/\/floriangodler.hr\/de\/wp-json\/wp\/v2\/pages\/4820","targetHints":{"allow":["GET"]}}],"collection":[{"href":"https:\/\/floriangodler.hr\/de\/wp-json\/wp\/v2\/pages"}],"about":[{"href":"https:\/\/floriangodler.hr\/de\/wp-json\/wp\/v2\/types\/page"}],"author":[{"embeddable":true,"href":"https:\/\/floriangodler.hr\/de\/wp-json\/wp\/v2\/users\/1"}],"replies":[{"embeddable":true,"href":"https:\/\/floriangodler.hr\/de\/wp-json\/wp\/v2\/comments?post=4820"}],"version-history":[{"count":1,"href":"https:\/\/floriangodler.hr\/de\/wp-json\/wp\/v2\/pages\/4820\/revisions"}],"predecessor-version":[{"id":4920,"href":"https:\/\/floriangodler.hr\/de\/wp-json\/wp\/v2\/pages\/4820\/revisions\/4920"}],"wp:attachment":[{"href":"https:\/\/floriangodler.hr\/de\/wp-json\/wp\/v2\/media?parent=4820"}],"curies":[{"name":"wp","href":"https:\/\/api.w.org\/{rel}","templated":true}]}}