{"id":4822,"date":"2022-07-04T14:16:31","date_gmt":"2022-07-04T12:16:31","guid":{"rendered":"https:\/\/floriangodler.hr\/zastita-privatnosti\/"},"modified":"2022-07-04T14:16:31","modified_gmt":"2022-07-04T12:16:31","slug":"zastita-privatnosti","status":"publish","type":"page","link":"https:\/\/floriangodler.hr\/de\/zastita-privatnosti\/","title":{"rendered":"Za\u0161tita privatnosti"},"content":{"rendered":"\n<p>Izjava o privatnosti slu\u017ei prvenstveno za\u0161titi privatnosti na\u0161ih korisnika. Stranice floriangodler.hr mo\u017eete pregledavati slobodno, bez obveze otkrivanja svoga identiteta ili ostavljanja bilo kakvih osobnih podataka.<\/p>\n\n\n\n<p>U slu\u010daju da se odlu\u010dite za kori\u0161tenje neke od na\u0161ih usluga, potrebno je ostaviti tra\u017eene osobne podatke kako bi mogli obaviti rezervaciju tra\u017eene usluge, no Va\u0161i osobni podaci ostaju maksimalno za\u0161ti\u0107eni.<\/p>\n\n\n\n<p>Nagla\u0161avamo da prikupljamo samo one podatke koji su nam potrebni za regularno obavljanje procedure vezane uz rezervaciju odabrane usluge, te da pri tom procesu koristimo isklju\u010divo one informacije koje smo dobili direktno od Vas.<\/p>\n\n\n\n<p>Informiramo kupce o na\u010dinu kori\u0161tenja prikupljenih podataka, redovito dajemo kupcima mogu\u0107nost izbora o upotrebi njihovih podataka. Svi se podaci o korisnicima strogo \u010duvaju i dostupni su samo djelatnicima kojima su ti podaci nu\u017eni za obavljanje posla.&nbsp;Svi na\u0161i djelatnici i poslovni partneri odgovorni su za po\u0161tivanje na\u010dela za\u0161tite privatnosti.<\/p>\n\n\n\n<p>Ovom izjavom se obvezujemo da \u0107emo za\u0161tititi privatnost korisnika, kupaca i posjetitelja na\u0161e web stranice i sigurnost osobnih podataka koje nam pru\u017eaju putem web stranice.<\/p>\n\n\n\n<p>Ova obavijest opisuje vrstu informacija koje mo\u017eemo prikupiti od vas kada posjetite na\u0161u web stranicu i obja\u0161njava kako upotrebljavamo te podatke i korake koje poduzimamo da bismo ih za\u0161titili. Obavijest tako\u0111er opisuje izbore koje imate u vezi s prikupljanjem i kori\u0161tenjem va\u0161ih podataka prilikom posjete na\u0161oj web stranici.<\/p>\n\n\n\n<p><strong>Koje informacije prikupljamo o vama i kako ih koristimo?<\/strong><\/p>\n\n\n\n<p>Op\u0107enito, mo\u017eete posjetiti na\u0161u web stranicu bez otkrivanja osobnih podataka o sebi. Ne prikupljamo osobne podatke o vama (kao \u0161to su va\u0161e ime i pojedinosti o kontaktu) kada posjetite ovu web stranicu, osim ako dobrovoljno ne po\u0161aljete podatke pomo\u0107u jednog od dostupnih obrazaca za odre\u0111enu svrhu (kontakt obrazac, registracijski obrazac, obrazac za kupovinu, obrazac za upis na newsletter) i time date va\u0161u privolu na prikupljanje i kori\u0161tenje va\u0161ih osobnih podataka u navedene svrhe. Svi osobni podaci koriste se isklju\u010divo u svrhe radi koje su prikupljeni i za koje je dana privola. Privolu za obradu osobnih podataka mogu dati osobe s navr\u0161enih 16 godina ili vi\u0161e, dok za osobe mla\u0111e od 16 privolu mo\u017ee dati roditelj ili skrbnik.&nbsp;Prikupljene podatke ne\u0107emo ni na koji na\u010din u\u010diniti dostupnima neovla\u0161tenim tre\u0107im osobama, osim u zakonom propisanu svrhu. Svi podaci se bri\u0161u nakon prestanka svrhe za koju su prikupljeni, odnosno prestankom ugovornog odnosa, a najkasnije po isteku svih zakonskih obveza povezanih s \u010duvanjem osobnih podataka.<br>Ovdje navodimo dodatne okolnosti u kojima \u0107emo Va\u0161e informacije podijeliti sa ovla\u0161tenim tre\u0107im stranama i dodatne svrhe za koje koristimo Va\u0161e podatke:<br>Pru\u017eanje informacija Google Inc. Google prikuplja informacije putem na\u0161e upotrebe usluge Google Analytics na na\u0161oj web stranici. Google koristi ove informacije, uklju\u010duju\u0107i IP adrese i podatke iz kola\u010di\u0107a, u vi\u0161e svrha, kao \u0161to je pobolj\u0161anje usluge Google Analytics. Informacije se dijele s Googleom na anonimnoj osnovi. Da biste saznali vi\u0161e o tome koje informacije Google prikuplja, kako upotrebljava te informacije i kako kontrolirati informacije poslane Googleu, pogledajte&nbsp;stranicu partnera&nbsp;Googleovih pravila o privatnosti. Mo\u017eete se isklju\u010diti iz usluge Google Analytics tako da instalirate sljede\u0107i dodatak pregledniku:&nbsp;https:\/\/tools.google.com\/dlpage\/gaoptout<\/p>\n\n\n\n<p><strong>Ra\u010dunovodstvo<\/strong><\/p>\n\n\n\n<p>Podijelimo podatke s na\u0161im ra\u010dunovo\u0111ama za porezne svrhe. Na primjer, dijelimo fakture koje izdajemo i primamo kod na\u0161ih ra\u010dunovo\u0111a u svrhu popunjavanja poreznih prijava i ra\u010duna na kraju godine.<\/p>\n\n\n\n<p><strong>Vrste osobnih podataka koji se obra\u0111uju<\/strong><\/p>\n\n\n\n<p>Osobni podaci koji se prikupljaju temeljem kontakt obrasca i obrasca za recenzije: ime i prezime i e-mail. Osobni podaci koji se prikupljaju temeljem obrasca za upit: ime i prezime, e-mail, broj telefona, dr\u017eava. Osobni podaci koji se prikupljaju temeljem obrasca za rezervaciju: ime i prezime, e-mail, broj telefona, adresa, po\u0161tanski broj, grad, dr\u017eava.<\/p>\n\n\n\n<p><strong>Informacije koje se automatski prikupljaju na na\u0161oj web stranici<\/strong><\/p>\n\n\n\n<p>Automatski prikupljamo informacije u&nbsp;log datotekama poslu\u017eitelja, kao \u0161to je va\u0161a IP adresa, vrsta preglednika, stranice za preusmjeravanje \/ izlazak i operativni sustav. Koristimo ove informacije kako bismo upravljali na\u0161im web stranicama i na\u0161im tehni\u010dkim rje\u0161enjima, razumjeli kako se posjetitelji kre\u0107u kroz na\u0161u web stranicu i usluge te da pobolj\u0161amo va\u0161e iskustvo dok koristite na\u0161e web stranice i usluge.<\/p>\n\n\n\n<p><strong>Pristup i a\u017euriranje va\u0161ih osobnih podataka<\/strong><\/p>\n\n\n\n<p>Na\u0161 korisnik u svakom trenutku ima sljede\u0107a prava:<\/p>\n\n\n\n<ul class=\"wp-block-list\"><li>pravo na pristup podacima i uvid u podatke<\/li><li>pravo na informiranost o obradi osobnih podataka<\/li><li>pravo na prenosivost podataka<\/li><li>pravo na povla\u010denje privole<\/li><li>pravo na podno\u0161enje prigovora<\/li><li>pravo na ispravak i promjenu osobnih podataka u slu\u010daju ako su podaci nepotpuni ili neto\u010dni<\/li><li>pravo na brisanje&nbsp;u slu\u010dajevima kao \u0161to su prestanak svrhe obrade, povla\u010denje privole ili u slu\u010daju podno\u0161enja prigovora<\/li><\/ul>\n\n\n\n<p>Ako \u017eelite ostvariti neko od navedenih prava, kontaktirajte nas putem e-maila rab@starturist.hr. Tako\u0111er nas mo\u017eete konktatirati putem slanja po\u0161te na na\u0161u adresu&nbsp;Star Turist, Matka Laginje 1, 47000 Karlovac, Hrvatska.<\/p>\n\n\n\n<p><strong>Sigurnost va\u0161ih osobnih podataka<\/strong><\/p>\n\n\n\n<p>Predani smo poduzimanju odgovaraju\u0107ih tehni\u010dkih i organizacijskih mjera za za\u0161titu va\u0161ih osobnih podataka od neovla\u0161tenog ili nezakonitog postupanja s njima i od njihovog slu\u010dajnog gubitka, uni\u0161tenja ili o\u0161te\u0107enja. Prilikom davanja va\u0161ih osobnih podataka putem na\u0161e web stranice, ove se informacije \u0161alju putem interneta sigurno pomo\u0107u visokokvalitetnih \u0161ifriranja i spremaju na na\u0161e sigurne servere koji se nalaze u EU.<\/p>\n","protected":false},"excerpt":{"rendered":"<p>Izjava o privatnosti slu\u017ei prvenstveno za\u0161titi privatnosti na\u0161ih korisnika. Stranice floriangodler.hr mo\u017eete pregledavati slobodno, bez obveze otkrivanja svoga identiteta ili ostavljanja bilo kakvih osobnih podataka. U<span class=\"excerpt-hellip\"> [\u2026]<\/span><\/p>\n","protected":false},"author":1,"featured_media":0,"parent":0,"menu_order":0,"comment_status":"closed","ping_status":"closed","template":"","meta":{"footnotes":""},"class_list":["post-4822","page","type-page","status-publish","hentry"],"yoast_head":"<!-- This site is optimized with the Yoast SEO plugin v19.3 - https:\/\/yoast.com\/wordpress\/plugins\/seo\/ -->\n<title>Za\u0161tita privatnosti | Hotel Florian &amp; Godler<\/title>\n<meta name=\"robots\" content=\"index, follow, max-snippet:-1, max-image-preview:large, max-video-preview:-1\" \/>\n<link rel=\"canonical\" href=\"https:\/\/floriangodler.hr\/de\/zastita-privatnosti\/\" \/>\n<meta property=\"og:locale\" content=\"de_DE\" \/>\n<meta property=\"og:type\" content=\"article\" \/>\n<meta property=\"og:title\" content=\"Za\u0161tita privatnosti | Hotel Florian &amp; Godler\" \/>\n<meta property=\"og:description\" content=\"Izjava o privatnosti slu\u017ei prvenstveno za\u0161titi privatnosti na\u0161ih korisnika. Stranice floriangodler.hr mo\u017eete pregledavati slobodno, bez obveze otkrivanja svoga identiteta ili ostavljanja bilo kakvih osobnih podataka. U [\u2026]\" \/>\n<meta property=\"og:url\" content=\"https:\/\/floriangodler.hr\/de\/zastita-privatnosti\/\" \/>\n<meta property=\"og:site_name\" content=\"Hotel Florian &amp; Godler\" \/>\n<meta property=\"article:publisher\" content=\"https:\/\/www.facebook.com\/floriangodler\/\" \/>\n<meta name=\"twitter:card\" content=\"summary_large_image\" \/>\n<meta name=\"twitter:label1\" content=\"Gesch\u00e4tzte Lesezeit\" \/>\n\t<meta name=\"twitter:data1\" content=\"5\u00a0Minuten\" \/>\n<script type=\"application\/ld+json\" class=\"yoast-schema-graph\">{\"@context\":\"https:\/\/schema.org\",\"@graph\":[{\"@type\":\"Organization\",\"@id\":\"https:\/\/floriangodler.hr\/#organization\",\"name\":\"Hotel Florian & Godler\",\"url\":\"https:\/\/floriangodler.hr\/\",\"sameAs\":[\"https:\/\/www.facebook.com\/floriangodler\/\"],\"logo\":{\"@type\":\"ImageObject\",\"inLanguage\":\"de\",\"@id\":\"https:\/\/floriangodler.hr\/#\/schema\/logo\/image\/\",\"url\":\"https:\/\/floriangodler.hr\/wp-content\/uploads\/2022\/07\/logo-florian-trim-jpg-220x300-1.jpg\",\"contentUrl\":\"https:\/\/floriangodler.hr\/wp-content\/uploads\/2022\/07\/logo-florian-trim-jpg-220x300-1.jpg\",\"width\":220,\"height\":300,\"caption\":\"Hotel Florian & Godler\"},\"image\":{\"@id\":\"https:\/\/floriangodler.hr\/#\/schema\/logo\/image\/\"}},{\"@type\":\"WebSite\",\"@id\":\"https:\/\/floriangodler.hr\/#website\",\"url\":\"https:\/\/floriangodler.hr\/\",\"name\":\"Hotel Florian &amp; Godler\",\"description\":\"Najbolji hotel u Karlovcu\",\"publisher\":{\"@id\":\"https:\/\/floriangodler.hr\/#organization\"},\"potentialAction\":[{\"@type\":\"SearchAction\",\"target\":{\"@type\":\"EntryPoint\",\"urlTemplate\":\"https:\/\/floriangodler.hr\/?s={search_term_string}\"},\"query-input\":\"required name=search_term_string\"}],\"inLanguage\":\"de\"},{\"@type\":\"WebPage\",\"@id\":\"https:\/\/floriangodler.hr\/de\/zastita-privatnosti\/\",\"url\":\"https:\/\/floriangodler.hr\/de\/zastita-privatnosti\/\",\"name\":\"Za\u0161tita privatnosti | Hotel Florian &amp; Godler\",\"isPartOf\":{\"@id\":\"https:\/\/floriangodler.hr\/#website\"},\"datePublished\":\"2022-07-04T12:16:31+00:00\",\"dateModified\":\"2022-07-04T12:16:31+00:00\",\"breadcrumb\":{\"@id\":\"https:\/\/floriangodler.hr\/de\/zastita-privatnosti\/#breadcrumb\"},\"inLanguage\":\"de\",\"potentialAction\":[{\"@type\":\"ReadAction\",\"target\":[\"https:\/\/floriangodler.hr\/de\/zastita-privatnosti\/\"]}]},{\"@type\":\"BreadcrumbList\",\"@id\":\"https:\/\/floriangodler.hr\/de\/zastita-privatnosti\/#breadcrumb\",\"itemListElement\":[{\"@type\":\"ListItem\",\"position\":1,\"name\":\"Po\u010detna stranica\",\"item\":\"https:\/\/floriangodler.hr\/\"},{\"@type\":\"ListItem\",\"position\":2,\"name\":\"Za\u0161tita privatnosti\"}]}]}<\/script>\n<!-- \/ Yoast SEO plugin. -->","yoast_head_json":{"title":"Za\u0161tita privatnosti | Hotel Florian &amp; Godler","robots":{"index":"index","follow":"follow","max-snippet":"max-snippet:-1","max-image-preview":"max-image-preview:large","max-video-preview":"max-video-preview:-1"},"canonical":"https:\/\/floriangodler.hr\/de\/zastita-privatnosti\/","og_locale":"de_DE","og_type":"article","og_title":"Za\u0161tita privatnosti | Hotel Florian &amp; Godler","og_description":"Izjava o privatnosti slu\u017ei prvenstveno za\u0161titi privatnosti na\u0161ih korisnika. Stranice floriangodler.hr mo\u017eete pregledavati slobodno, bez obveze otkrivanja svoga identiteta ili ostavljanja bilo kakvih osobnih podataka. U [\u2026]","og_url":"https:\/\/floriangodler.hr\/de\/zastita-privatnosti\/","og_site_name":"Hotel Florian &amp; Godler","article_publisher":"https:\/\/www.facebook.com\/floriangodler\/","twitter_card":"summary_large_image","twitter_misc":{"Gesch\u00e4tzte Lesezeit":"5\u00a0Minuten"},"schema":{"@context":"https:\/\/schema.org","@graph":[{"@type":"Organization","@id":"https:\/\/floriangodler.hr\/#organization","name":"Hotel Florian & Godler","url":"https:\/\/floriangodler.hr\/","sameAs":["https:\/\/www.facebook.com\/floriangodler\/"],"logo":{"@type":"ImageObject","inLanguage":"de","@id":"https:\/\/floriangodler.hr\/#\/schema\/logo\/image\/","url":"https:\/\/floriangodler.hr\/wp-content\/uploads\/2022\/07\/logo-florian-trim-jpg-220x300-1.jpg","contentUrl":"https:\/\/floriangodler.hr\/wp-content\/uploads\/2022\/07\/logo-florian-trim-jpg-220x300-1.jpg","width":220,"height":300,"caption":"Hotel Florian & Godler"},"image":{"@id":"https:\/\/floriangodler.hr\/#\/schema\/logo\/image\/"}},{"@type":"WebSite","@id":"https:\/\/floriangodler.hr\/#website","url":"https:\/\/floriangodler.hr\/","name":"Hotel Florian &amp; Godler","description":"Najbolji hotel u Karlovcu","publisher":{"@id":"https:\/\/floriangodler.hr\/#organization"},"potentialAction":[{"@type":"SearchAction","target":{"@type":"EntryPoint","urlTemplate":"https:\/\/floriangodler.hr\/?s={search_term_string}"},"query-input":"required name=search_term_string"}],"inLanguage":"de"},{"@type":"WebPage","@id":"https:\/\/floriangodler.hr\/de\/zastita-privatnosti\/","url":"https:\/\/floriangodler.hr\/de\/zastita-privatnosti\/","name":"Za\u0161tita privatnosti | Hotel Florian &amp; Godler","isPartOf":{"@id":"https:\/\/floriangodler.hr\/#website"},"datePublished":"2022-07-04T12:16:31+00:00","dateModified":"2022-07-04T12:16:31+00:00","breadcrumb":{"@id":"https:\/\/floriangodler.hr\/de\/zastita-privatnosti\/#breadcrumb"},"inLanguage":"de","potentialAction":[{"@type":"ReadAction","target":["https:\/\/floriangodler.hr\/de\/zastita-privatnosti\/"]}]},{"@type":"BreadcrumbList","@id":"https:\/\/floriangodler.hr\/de\/zastita-privatnosti\/#breadcrumb","itemListElement":[{"@type":"ListItem","position":1,"name":"Po\u010detna stranica","item":"https:\/\/floriangodler.hr\/"},{"@type":"ListItem","position":2,"name":"Za\u0161tita privatnosti"}]}]}},"_links":{"self":[{"href":"https:\/\/floriangodler.hr\/de\/wp-json\/wp\/v2\/pages\/4822","targetHints":{"allow":["GET"]}}],"collection":[{"href":"https:\/\/floriangodler.hr\/de\/wp-json\/wp\/v2\/pages"}],"about":[{"href":"https:\/\/floriangodler.hr\/de\/wp-json\/wp\/v2\/types\/page"}],"author":[{"embeddable":true,"href":"https:\/\/floriangodler.hr\/de\/wp-json\/wp\/v2\/users\/1"}],"replies":[{"embeddable":true,"href":"https:\/\/floriangodler.hr\/de\/wp-json\/wp\/v2\/comments?post=4822"}],"version-history":[{"count":0,"href":"https:\/\/floriangodler.hr\/de\/wp-json\/wp\/v2\/pages\/4822\/revisions"}],"wp:attachment":[{"href":"https:\/\/floriangodler.hr\/de\/wp-json\/wp\/v2\/media?parent=4822"}],"curies":[{"name":"wp","href":"https:\/\/api.w.org\/{rel}","templated":true}]}}