{"id":5003,"date":"2022-09-16T10:04:18","date_gmt":"2022-09-16T08:04:18","guid":{"rendered":"https:\/\/floriangodler.hr\/?page_id=5003"},"modified":"2025-11-05T11:07:57","modified_gmt":"2025-11-05T10:07:57","slug":"titel2","status":"publish","type":"page","link":"https:\/\/floriangodler.hr\/de\/","title":{"rendered":"Titel"},"content":{"rendered":"","protected":false},"excerpt":{"rendered":"","protected":false},"author":1,"featured_media":0,"parent":0,"menu_order":0,"comment_status":"closed","ping_status":"closed","template":"","meta":{"footnotes":""},"class_list":["post-5003","page","type-page","status-publish","hentry"],"yoast_head":"<!-- This site is optimized with the Yoast SEO plugin v19.3 - https:\/\/yoast.com\/wordpress\/plugins\/seo\/ -->\n<title>Hotel Florian &amp; Godler 4-Sterne-Boutique-Hotel im Zentrum von Karlovac<\/title>\n<meta name=\"description\" content=\"Hotel Florian &amp; Godler bietet seinen G\u00e4sten einen au\u00dfergew\u00f6hnlichen Urlaubsort, der durch die Kombination von einzigartiger Architektur und Struktur,anst\u00e4ndigem Interieur und einer F\u00fclle von Annehmlichkeiten geschaffen wurde befindet sich im Hotel.\" \/>\n<meta name=\"robots\" content=\"index, follow, max-snippet:-1, max-image-preview:large, max-video-preview:-1\" \/>\n<link rel=\"canonical\" href=\"https:\/\/floriangodler.hr\/\" \/>\n<meta property=\"og:locale\" content=\"de_DE\" \/>\n<meta property=\"og:type\" content=\"article\" \/>\n<meta property=\"og:title\" content=\"Hotel Florian &amp; Godler 4-Sterne-Boutique-Hotel im Zentrum von Karlovac\" \/>\n<meta property=\"og:description\" content=\"Hotel Florian &amp; Godler bietet seinen G\u00e4sten einen au\u00dfergew\u00f6hnlichen Urlaubsort, der durch die Kombination von einzigartiger Architektur und Struktur,anst\u00e4ndigem Interieur und einer F\u00fclle von Annehmlichkeiten geschaffen wurde befindet sich im Hotel.\" \/>\n<meta property=\"og:url\" content=\"https:\/\/floriangodler.hr\/\" \/>\n<meta property=\"og:site_name\" content=\"Hotel Florian &amp; Godler\" \/>\n<meta property=\"article:publisher\" content=\"https:\/\/www.facebook.com\/floriangodler\/\" \/>\n<meta property=\"article:modified_time\" content=\"2025-11-05T10:07:57+00:00\" \/>\n<meta name=\"twitter:card\" content=\"summary_large_image\" \/>\n<script type=\"application\/ld+json\" class=\"yoast-schema-graph\">{\"@context\":\"https:\/\/schema.org\",\"@graph\":[{\"@type\":\"Organization\",\"@id\":\"https:\/\/floriangodler.hr\/#organization\",\"name\":\"Hotel Florian & Godler\",\"url\":\"https:\/\/floriangodler.hr\/\",\"sameAs\":[\"https:\/\/www.facebook.com\/floriangodler\/\"],\"logo\":{\"@type\":\"ImageObject\",\"inLanguage\":\"de\",\"@id\":\"https:\/\/floriangodler.hr\/#\/schema\/logo\/image\/\",\"url\":\"https:\/\/floriangodler.hr\/wp-content\/uploads\/2022\/07\/logo-florian-trim-jpg-220x300-1.jpg\",\"contentUrl\":\"https:\/\/floriangodler.hr\/wp-content\/uploads\/2022\/07\/logo-florian-trim-jpg-220x300-1.jpg\",\"width\":220,\"height\":300,\"caption\":\"Hotel Florian & Godler\"},\"image\":{\"@id\":\"https:\/\/floriangodler.hr\/#\/schema\/logo\/image\/\"}},{\"@type\":\"WebSite\",\"@id\":\"https:\/\/floriangodler.hr\/#website\",\"url\":\"https:\/\/floriangodler.hr\/\",\"name\":\"Hotel Florian &amp; Godler\",\"description\":\"Najbolji hotel u Karlovcu\",\"publisher\":{\"@id\":\"https:\/\/floriangodler.hr\/#organization\"},\"potentialAction\":[{\"@type\":\"SearchAction\",\"target\":{\"@type\":\"EntryPoint\",\"urlTemplate\":\"https:\/\/floriangodler.hr\/?s={search_term_string}\"},\"query-input\":\"required name=search_term_string\"}],\"inLanguage\":\"de\"},{\"@type\":\"WebPage\",\"@id\":\"https:\/\/floriangodler.hr\/\",\"url\":\"https:\/\/floriangodler.hr\/\",\"name\":\"Hotel Florian & Godler 4-Sterne-Boutique-Hotel im Zentrum von Karlovac\",\"isPartOf\":{\"@id\":\"https:\/\/floriangodler.hr\/#website\"},\"datePublished\":\"2022-09-16T08:04:18+00:00\",\"dateModified\":\"2025-11-05T10:07:57+00:00\",\"description\":\"Hotel Florian & Godler bietet seinen G\u00e4sten einen au\u00dfergew\u00f6hnlichen Urlaubsort, der durch die Kombination von einzigartiger Architektur und Struktur,anst\u00e4ndigem Interieur und einer F\u00fclle von Annehmlichkeiten geschaffen wurde befindet sich im Hotel.\",\"breadcrumb\":{\"@id\":\"https:\/\/floriangodler.hr\/#breadcrumb\"},\"inLanguage\":\"de\",\"potentialAction\":[{\"@type\":\"ReadAction\",\"target\":[\"https:\/\/floriangodler.hr\/\"]}]},{\"@type\":\"BreadcrumbList\",\"@id\":\"https:\/\/floriangodler.hr\/#breadcrumb\",\"itemListElement\":[{\"@type\":\"ListItem\",\"position\":1,\"name\":\"Po\u010detna stranica\",\"item\":\"https:\/\/floriangodler.hr\/\"},{\"@type\":\"ListItem\",\"position\":2,\"name\":\"Titel\"}]}]}<\/script>\n<!-- \/ Yoast SEO plugin. -->","yoast_head_json":{"title":"Hotel Florian & Godler 4-Sterne-Boutique-Hotel im Zentrum von Karlovac","description":"Hotel Florian & Godler bietet seinen G\u00e4sten einen au\u00dfergew\u00f6hnlichen Urlaubsort, der durch die Kombination von einzigartiger Architektur und Struktur,anst\u00e4ndigem Interieur und einer F\u00fclle von Annehmlichkeiten geschaffen wurde befindet sich im Hotel.","robots":{"index":"index","follow":"follow","max-snippet":"max-snippet:-1","max-image-preview":"max-image-preview:large","max-video-preview":"max-video-preview:-1"},"canonical":"https:\/\/floriangodler.hr\/","og_locale":"de_DE","og_type":"article","og_title":"Hotel Florian & Godler 4-Sterne-Boutique-Hotel im Zentrum von Karlovac","og_description":"Hotel Florian & Godler bietet seinen G\u00e4sten einen au\u00dfergew\u00f6hnlichen Urlaubsort, der durch die Kombination von einzigartiger Architektur und Struktur,anst\u00e4ndigem Interieur und einer F\u00fclle von Annehmlichkeiten geschaffen wurde befindet sich im Hotel.","og_url":"https:\/\/floriangodler.hr\/","og_site_name":"Hotel Florian &amp; Godler","article_publisher":"https:\/\/www.facebook.com\/floriangodler\/","article_modified_time":"2025-11-05T10:07:57+00:00","twitter_card":"summary_large_image","schema":{"@context":"https:\/\/schema.org","@graph":[{"@type":"Organization","@id":"https:\/\/floriangodler.hr\/#organization","name":"Hotel Florian & Godler","url":"https:\/\/floriangodler.hr\/","sameAs":["https:\/\/www.facebook.com\/floriangodler\/"],"logo":{"@type":"ImageObject","inLanguage":"de","@id":"https:\/\/floriangodler.hr\/#\/schema\/logo\/image\/","url":"https:\/\/floriangodler.hr\/wp-content\/uploads\/2022\/07\/logo-florian-trim-jpg-220x300-1.jpg","contentUrl":"https:\/\/floriangodler.hr\/wp-content\/uploads\/2022\/07\/logo-florian-trim-jpg-220x300-1.jpg","width":220,"height":300,"caption":"Hotel Florian & Godler"},"image":{"@id":"https:\/\/floriangodler.hr\/#\/schema\/logo\/image\/"}},{"@type":"WebSite","@id":"https:\/\/floriangodler.hr\/#website","url":"https:\/\/floriangodler.hr\/","name":"Hotel Florian &amp; Godler","description":"Najbolji hotel u Karlovcu","publisher":{"@id":"https:\/\/floriangodler.hr\/#organization"},"potentialAction":[{"@type":"SearchAction","target":{"@type":"EntryPoint","urlTemplate":"https:\/\/floriangodler.hr\/?s={search_term_string}"},"query-input":"required name=search_term_string"}],"inLanguage":"de"},{"@type":"WebPage","@id":"https:\/\/floriangodler.hr\/","url":"https:\/\/floriangodler.hr\/","name":"Hotel Florian & Godler 4-Sterne-Boutique-Hotel im Zentrum von Karlovac","isPartOf":{"@id":"https:\/\/floriangodler.hr\/#website"},"datePublished":"2022-09-16T08:04:18+00:00","dateModified":"2025-11-05T10:07:57+00:00","description":"Hotel Florian & Godler bietet seinen G\u00e4sten einen au\u00dfergew\u00f6hnlichen Urlaubsort, der durch die Kombination von einzigartiger Architektur und Struktur,anst\u00e4ndigem Interieur und einer F\u00fclle von Annehmlichkeiten geschaffen wurde befindet sich im Hotel.","breadcrumb":{"@id":"https:\/\/floriangodler.hr\/#breadcrumb"},"inLanguage":"de","potentialAction":[{"@type":"ReadAction","target":["https:\/\/floriangodler.hr\/"]}]},{"@type":"BreadcrumbList","@id":"https:\/\/floriangodler.hr\/#breadcrumb","itemListElement":[{"@type":"ListItem","position":1,"name":"Po\u010detna stranica","item":"https:\/\/floriangodler.hr\/"},{"@type":"ListItem","position":2,"name":"Titel"}]}]}},"_links":{"self":[{"href":"https:\/\/floriangodler.hr\/de\/wp-json\/wp\/v2\/pages\/5003","targetHints":{"allow":["GET"]}}],"collection":[{"href":"https:\/\/floriangodler.hr\/de\/wp-json\/wp\/v2\/pages"}],"about":[{"href":"https:\/\/floriangodler.hr\/de\/wp-json\/wp\/v2\/types\/page"}],"author":[{"embeddable":true,"href":"https:\/\/floriangodler.hr\/de\/wp-json\/wp\/v2\/users\/1"}],"replies":[{"embeddable":true,"href":"https:\/\/floriangodler.hr\/de\/wp-json\/wp\/v2\/comments?post=5003"}],"version-history":[{"count":3,"href":"https:\/\/floriangodler.hr\/de\/wp-json\/wp\/v2\/pages\/5003\/revisions"}],"predecessor-version":[{"id":5042,"href":"https:\/\/floriangodler.hr\/de\/wp-json\/wp\/v2\/pages\/5003\/revisions\/5042"}],"wp:attachment":[{"href":"https:\/\/floriangodler.hr\/de\/wp-json\/wp\/v2\/media?parent=5003"}],"curies":[{"name":"wp","href":"https:\/\/api.w.org\/{rel}","templated":true}]}}